{"id":3,"date":"2021-06-04T11:01:37","date_gmt":"2021-06-04T11:01:37","guid":{"rendered":"https:\/\/alkvegroup.it\/?page_id=3"},"modified":"2021-06-15T13:20:04","modified_gmt":"2021-06-15T13:20:04","slug":"privacy-policy","status":"publish","type":"page","link":"https:\/\/www.alkve.it\/en\/privacy-policy\/","title":{"rendered":"Privacy Policy"},"content":{"rendered":"<section class=\"av_textblock_section\"  itemscope=\"itemscope\" itemtype=\"https:\/\/schema.org\/CreativeWork\" ><div class='avia_textblock'   itemprop=\"text\" ><h2>PRIVACY POLICY<\/h2>\n<p>L&#8217;informativa \u00e8 resa ai sensi del decreto attuativo 10\/08\/2018 n.101 e dell\u2019articolo 13 del Regolamento (UE) 2016\/679 recante disposizioni a protezione delle persone fisiche con riguardo al trattamento dei dati personali e alla libera circolazione di tali dati (di seguito anche solo il \u201cGDPR\u201d), relativamente agli utenti dei servizi web ALKVEGROUP.IT.<br \/>\nTratteremo i dati nel rispetto del Codice Privacy, compreso il profilo della sicurezza e per le seguenti finalit\u00e0: per raccolta dati di contatto, per far valere o difendere un diritto in sede giudiziaria e per adempiere ad obblighi previsti da leggi, regolamenti e normative comunitarie.<br \/>\nCon il Suo consenso, che \u00e8 facoltativo, potremo trattare i dati anche per finalit\u00e0 di marketing, cio\u00e8 per inviarLe, anche tramite newsletter, posta elettronica (e-mail) e posta tradizionale (cartacea), per telefono e mediante sms e mms, informazioni sui nostri servizi di Suo interesse, informazioni su ALKVEGROUP.IT, informazioni su eventi e simili iniziative. Lei potr\u00e0 sempre opporsi all\u2019invio di informazioni promozionali richiedendo la limitazione dell&#8217;utilizzo dei suoi dati come specificato nei paragrafi &#8220;NEWSLETTER&#8221; e &#8220;DIRITTI DELL\u2019INTERESSATO E CONTROLLO DEI PROPRI DATI&#8221;. I dati trattati saranno quelli da Lei forniti in occasione dell&#8217; interazione con il sito internet https:\/\/www.alkvegroup.it, quelli fornitici volontariamente ed i dati che potremo altrimenti acquisire, anche presso terzi nel corso della nostra attivit\u00e0.<\/p>\n<h2>LE INFORMAZIONI CHE RACCOGLIAMO<\/h2>\n<p>In generale, si pu\u00f2 navigare il sito senza fornire alcuna informazione personale. Tuttavia, potremmo chiedervi di fornire informazioni personali in vari tempi e luoghi su questo sito. In alcuni casi, se si sceglie di non fornire le informazioni richieste, non si pu\u00f2 essere in grado di accedere a tutte le parti di questo sito web o di partecipare a tutte le sue caratteristiche.<\/p>\n<p>Riceviamo e memorizziamo tutte le vostre informazioni personali dal nostro sito, ogni volta che inviate un messaggio di contatto, quando compilato il form per la prenotazione o mediante le informazioni che ci date in qualsiasi altro modo, ad esempio mediante la sottoscrizione alla newsletter, e-mail o messaggistica mobile. Ad esempio, potremmo raccogliere le seguenti informazioni personali: nome, indirizzo, numero di telefono, numero di cellulare, data di nascita e indirizzo di posta elettronica (credenziali o codici relativi ai pagamenti Paypal \/ Carta di Credito, non verranno MAI memorizzati o tracciati dal questo sito).<\/p>\n<p>Se si utilizza uno dei nostri servizi, o si partecipa ad uno dei nostri eventi, \u00e8 possibile vengano richieste ulteriori informazioni, come ad esempio preferenze, et\u00e0 o interesse per specifici servizi.<\/p>\n<p>Quando si visita questo sito web, il nostro server Web raccoglie automaticamente informazioni anonime, come i dati di log e gli indirizzi IP, e pu\u00f2 raccogliere informazioni di carattere generale e di profilazione quali la vostra posizione, pagine viste, sesso, et\u00e0, eccetera. Possiamo utilizzare le informazioni raccolte automaticamente per un certo numero di scopi, come il miglioramento della struttura del nostro sito, dei nostri servizi e per speciali iniziative.<\/p>\n<p>Riassumendo il sito raccoglie:<\/p>\n<ul>\n<li>informazioni di contatto (nome, cognome, indirizzo &#8211; incluso indirizzo email);<\/li>\n<li>informazioni demografiche come codice postale, preferenze e interessi;<\/li>\n<li>altre informazioni rilevanti relativi ai sondaggi e\/o preferenze;<\/li>\n<li>informazioni anonime di tipo analitico e\/o di carattere generale.<\/li>\n<\/ul>\n<h2>COME USIAMO LE INFORMAZIONI RACCOLTE<\/h2>\n<p>Usiamo le informazioni raccolte per vari scopi, tra cui:<\/p>\n<ul>\n<li>Per fornire i servizi richiesti;<\/li>\n<li>Per inviare proposte ed informazioni relative ai nostri servizi via e-mail;<\/li>\n<li>Per scopi di marketing;<\/li>\n<li>Per migliorare i nostri servizi e l&#8217;esperienza complessiva di navigazione sul nostro sito.<\/li>\n<\/ul>\n<h2>TITOLARE DEL TRATTAMENTO DEI DATI<\/h2>\n<p>Il titolare del trattamento dei dati, ai sensi del decreto attuativo 10\/08\/2018 n. 101 e del GDPR \u00e8 NAPPO ALFONSO (CF: NPPLNS99L21F839P).<\/p>\n<h2>CHI HA ACCESSO AI DATI E LUOGO DEL TRATTAMENTO<\/h2>\n<p>I trattamenti connessi ai servizi web di questo sito vengono gestiti da NAPPO ALFONSO in Via Tricinio 75, 84018 Scafati (SA) \u2013 Italia, e sono curati solo dal titolare o da personale incaricato del trattamento, oppure da eventuali incaricati di occasionali operazioni di manutenzione. Nessun dato derivante dal servizio web verr\u00e0 comunicato o diffuso a meno di obblighi di legge. I dati personali forniti dagli utenti che inoltrano richieste di invio di materiale sono utilizzati al solo fine di eseguire il servizio o la prestazione richiesta e sono comunicati a terzi nel solo caso in cui ci\u00f2 sia a tal fine necessario (es. servizio di spedizione o comunicazione profilo professionale ad azienda richiedente). Nessun altra persona ha accesso diretto ai dati memorizzati sul server. La societ\u00e0 tramite la quale \u00e8 ubicato il server di hosting (Armada di Fabio Mascio, sede legale Via Sesto Giulio Frontino n. 3 \u2013 86079 Venafro (IS) \u2013 P.IVA: 00873530943 ) su cui sono memorizzate le informazioni nel database del sito, pu\u00f2 avere accesso limitato solo ai servizi di backup, ripristino e manutenzione generale del database.<\/p>\n<h2>DATI FORNITI VOLONTARIAMENTE DALL\u2019UTENTE<\/h2>\n<p>L\u2019invio facoltativo, esplicito e volontario di posta elettronica agli indirizzi indicati su questo sito comporta la successiva acquisizione dell\u2019indirizzo del mittente, necessario per rispondere alle richieste, nonch\u00e9 degli eventuali altri dati personali inseriti nella missiva (art. 4 par.1 n.1 del GDPR).<\/p>\n<h2>MODALITA\u2019 DEL TRATTAMENTO E SICUREZZA<\/h2>\n<p>I dati personali sono trattati con strumenti automatizzati per il tempo strettamente necessario a conseguire gli scopi per cui sono stati raccolti. Specifiche misure di sicurezza sono osservate per prevenire la perdita dei dati, usi illeciti o non corretti ed accessi non autorizzati.<\/p>\n<h2>NEWSLETTER<\/h2>\n<p>Riceverai e-mail promozionali da noi solo se hai chiesto di riceverle iscrivendoti alla newsletter. Se non desideri ricevere e-mail promozionali da ALKVEGROUP.IT \u00e8 possibile cancellare la propria sottoscrizione alla newsletter inviando richiesta di cancellazione all&#8217;indirizzo email: <a href=\"mailto:info@alkvegroup.it\" target=\"_blank\" rel=\"noopener\">info@alkvegroup.it<\/a>.<\/p>\n<h2>COOKIES E COME VENGONO USATI<\/h2>\n<p>Un cookie \u00e8 un piccolo file a cui viene dato il permesso di essere immesso sul disco rigido del computer utente. Ottenuto il permesso, il file viene aggiunto e il cookie aiuta ad analizzare il traffico web e consente di sapere quando si visita un particolare sito. I cookie consentono alle applicazioni web di rispondere all&#8217;utente come un individuo. L&#8217;applicazione web pu\u00f2 adattare le sue operazioni alle esigenze utente, raccogliendo e memorizzando informazioni sulle sue preferenze. Nel complesso, i cookie aiutano a fornire un sito migliore, che permette di monitorare le pagine che l&#8217;utente trova utili e quali no. Un cookie in nessun modo d\u00e0 l&#8217;accesso al computer\/dispositivo o a qualsiasi altra informazione sull&#8217;utente<\/p>\n<h2><a name=\"list\"><\/a>COOKIE CHE UTILIZZIAMO<\/h2>\n<p>La tabella seguente elenca i cookie che raccogliamo e quali informazioni memorizzano.<\/p>\n<table class=\"data-table\">\n<thead>\n<tr>\n<th>NOME COOKIE<\/th>\n<th>DESCRIZIONE<\/th>\n<th>DURATA<\/th>\n<th>DOMINIO<\/th>\n<\/tr>\n<\/thead>\n<tbody>\n<tr>\n<th>WP-SAVING-POST<\/th>\n<td>Server per tenere traccia di chi commenta gli articoli<\/td>\n<td>Fino al termine della sessione<\/td>\n<td>alkvegroup.it<\/td>\n<\/tr>\n<tr>\n<th>PHPSESSID<\/th>\n<td>Viene utilizzato per stabilire una sessione utente e per comunicare i dati sullo stato attraverso un cookie temporaneo, comunemente denominato cookie di sessione.<\/td>\n<td>Fino al termine della sessione<\/td>\n<td>alkvegroup.it<\/td>\n<\/tr>\n<tr>\n<th>_GA, _GID, _GAT<\/th>\n<td>I cookie di Google Analytics vengono utilizzati per misurare il traffico sul nostro sito web. Nessuna informazione personale viene salvata. Per ulteriori informazioni, leggi le norme generali sulla <a href=\"https:\/\/policies.google.com\/privacy?hl=it\" target=\"_blank\" rel=\"noopener\">privacy di Google<\/a>. Scopri come <a href=\"https:\/\/tools.google.com\/dlpage\/gaoptout?hl=it\" target=\"_blank\" rel=\"noopener\">disattivare Google Analytics<\/a><\/td>\n<td>fino a 2 anni<\/td>\n<td>google.com<\/td>\n<\/tr>\n<tr>\n<th>1P_JAR, CONSENT, NID<\/th>\n<td>Questi cookie memorizzano preferenze e informazioni dell\u2019utente quando visita pagine con mappe di Google Maps. Per ulteriori informazioni, leggi le norme generali sulla <a href=\"https:\/\/policies.google.com\/privacy?hl=it\" target=\"_blank\" rel=\"noopener\">privacy di Google<\/a><\/td>\n<td>da 1 mese a 20 anni<\/td>\n<td>google.com<\/td>\n<\/tr>\n<tr>\n<th>C_USER, DATR, FR, PL, SPIN, SB, WD, XS<\/th>\n<td>Utilizzati da facebook, questi cookie permettono di essere collegati ed interagire con il proprio account di facebook. Per maggiori informazioni, si prega di leggere <a href=\"https:\/\/www.facebook.com\/policies\/cookies\/\" target=\"_blank\" rel=\"noopener\"> l&#8217;informativa relativa all&#8217;utilizzo dei cookie di Facebook<\/a><\/td>\n<td>da 1 giorno, fino a 2 anni<\/td>\n<td>facebook.com<\/td>\n<\/tr>\n<tr>\n<th>_ICL_CURRENT_LANGUAGE<\/th>\n<td>Salva la lingua preferita dell&#8217;utente sul sito internet.<\/td>\n<td>1 giorno<\/td>\n<td>alkvegroup.it<\/td>\n<\/tr>\n<\/tbody>\n<\/table>\n<p>Di seguito i link alle impostazioni per gestire i cookie dal proprio browser:<\/p>\n<ul>\n<li>Google Chrome &#8211; <a href=\"https:\/\/support.google.com\/chrome\/answer\/95647?hl=it-IT&amp;hlrm=fr&amp;hlrm=en\" target=\"_blank\" rel=\"noopener\">Come gestire i cookie con Chrome<\/a><\/li>\n<li>Internet Explorer &#8211; <a href=\"https:\/\/support.microsoft.com\/it-it\/help\/17442\/windows-internet-explorer-delete-manage-cookies\" target=\"_blank\" rel=\"noopener\">Come gestire i cookie con Internet Explorer<\/a><\/li>\n<li>Safari &#8211; <a href=\"https:\/\/support.apple.com\/kb\/ph21411?locale=it_IT\" target=\"_blank\" rel=\"noopener\">Come gestire i cookie con Safari<\/a><\/li>\n<li>Mozzilla Firefox &#8211; <a href=\"https:\/\/support.mozilla.org\/it\/kb\/Gestione%20dei%20cookie\" target=\"_blank\" rel=\"noopener\">Come gestire i cookie con Firefox<\/a><\/li>\n<li>Opera &#8211; <a href=\"http:\/\/help.opera.com\/Windows\/10.00\/it\/cookies.html\" target=\"_blank\" rel=\"noopener\">Come gestire i cookie con Opera<\/a><\/li>\n<li>Microsoft Edge &#8211; <a href=\"https:\/\/privacy.microsoft.com\/it-it\/windows-10-microsoft-edge-and-privacy\" target=\"_blank\" rel=\"noopener\">Come gestire i cookie con Microsoft Edge<\/a><\/li>\n<\/ul>\n<p>Se l\u2019utente usa dispositivi diversi tra loro per visualizzare e accedere ai Siti (per esempio, computer, smartphone, tablet, ecc.), deve assicurarsi che ciascun browser su ciascun dispositivo sia regolato per riflettere le proprie preferenze relative ai cookie. Per eliminare i cookie dal browser Internet del proprio smartphone\/tablet \u00e8 necessario fare riferimento al manuale d\u2019uso del dispositivo.<\/p>\n<h2>LINK AD ALTRI SITI<\/h2>\n<p>Questo sito pu\u00f2 contenere link ad altri siti web. Una volta che l\u2019utente utilizza questi link per lasciare il nostro sito, non avendo alcun controllo su altri siti, NAPPO ALFONSO non \u00e8 responsabile per la protezione e la riservatezza delle informazioni che si forniscono durante la visita di tali siti e tali siti non sono disciplinati dalla presente informativa sulla privacy. \u00c8 necessario prestare attenzione e leggere l\u2019informativa sulla privacy applicabile al sito in questione.<\/p>\n<h2>DIRITTI DELL\u2019INTERESSATO E CONTROLLO DEI PROPRI DATI<\/h2>\n<p>Ai sensi del decreto attuativo 10\/08\/2018 n. 101, nonch\u00e9 ai sensi degli articoli 13, comma 2 (lettere b e d) e da 15 a 22 del GDPR, i soggetti a cui si riferiscono i dati personali hanno il diritto in qualunque momento di ottenere la conferma dell\u2019esistenza o meno dei medesimi dati, di conoscerne il contenuto e l\u2019origine, verificarne l\u2019esattezza o chiederne l\u2019integrazione, l\u2019aggiornamento o la rettifica, chiederne la cancellazione, la trasformazione in forma anonima o il blocco dei dati trattati in violazione di legge, nonch\u00e9 di opporsi in ogni caso, per motivi legittimi, al loro trattamento. Le richieste in questione vanno rivolte al titolare del trattamento.<br \/>\nPertanto l\u2019utente potr\u00e0 richiedere la verifica, la limitazione, la modifica e\/o la cancellazione dei propri dati personali nelle seguenti modalit\u00e0:<\/p>\n<ul>\n<li>Inviando una comunicazione scritta a NAPPO ALFONSO &#8211; Via Tricinio 75, 84018 Scafati (SA)<\/li>\n<li>Scrivendo una email a: <a href=\"mailto:info@alkvegroup.it\">info@alkvegroup.it<\/a><\/li>\n<\/ul>\n<h2>RIFERIMENTI NORMATIVI<\/h2>\n<p><a href=\"https:\/\/eur-lex.europa.eu\/legal-content\/IT\/TXT\/PDF\/?uri=CELEX:32016R0679&amp;from=IT\" target=\"_blank\" rel=\"noopener\">Regolamento (UE) 2016\/679 del Parlamento europeo e del Consiglio relativo alla protezione dei dati personali<\/a><\/p>\n<h2>ACCETTAZIONE<\/h2>\n<p>Utilizzando il presente sito web, si accettano i criteri presentati di cui la presente Privacy Policy.<br \/>\n<a class=\"avia-button avia-cookie-consent-button avia-cookie-consent-button-2 av-extra-cookie-btn avia-cookie-info-btn\" style=\"border-color: #fff; border-width: 2px; background-color: transparent;\"  href=\"#\">CONSENSO COOKIE<\/a><\/p>\n<\/div><\/section>","protected":false},"excerpt":{"rendered":"","protected":false},"author":1,"featured_media":0,"parent":0,"menu_order":0,"comment_status":"closed","ping_status":"open","template":"","meta":{"footnotes":""},"class_list":["post-3","page","type-page","status-publish","hentry"],"_links":{"self":[{"href":"https:\/\/www.alkve.it\/en\/wp-json\/wp\/v2\/pages\/3","targetHints":{"allow":["GET"]}}],"collection":[{"href":"https:\/\/www.alkve.it\/en\/wp-json\/wp\/v2\/pages"}],"about":[{"href":"https:\/\/www.alkve.it\/en\/wp-json\/wp\/v2\/types\/page"}],"author":[{"embeddable":true,"href":"https:\/\/www.alkve.it\/en\/wp-json\/wp\/v2\/users\/1"}],"replies":[{"embeddable":true,"href":"https:\/\/www.alkve.it\/en\/wp-json\/wp\/v2\/comments?post=3"}],"version-history":[{"count":3,"href":"https:\/\/www.alkve.it\/en\/wp-json\/wp\/v2\/pages\/3\/revisions"}],"predecessor-version":[{"id":642,"href":"https:\/\/www.alkve.it\/en\/wp-json\/wp\/v2\/pages\/3\/revisions\/642"}],"wp:attachment":[{"href":"https:\/\/www.alkve.it\/en\/wp-json\/wp\/v2\/media?parent=3"}],"curies":[{"name":"wp","href":"https:\/\/api.w.org\/{rel}","templated":true}]}}